{"id":190,"date":"2016-06-20T12:56:43","date_gmt":"2016-06-20T11:56:43","guid":{"rendered":"http:\/\/www.ajf-formation.fr\/ajf\/?page_id=190"},"modified":"2023-03-01T15:21:59","modified_gmt":"2023-03-01T14:21:59","slug":"amiante","status":"publish","type":"page","link":"https:\/\/www.arf-formation.fr\/arf2\/amiante\/","title":{"rendered":"Risques Amiante"},"content":{"rendered":"\n<style type=\"text\/css\" data-created_by=\"avia_inline_auto\" id=\"style-css-av-h36r2-3cec5af5a3348977479b08cc69df28ae\">\n.avia-section.av-h36r2-3cec5af5a3348977479b08cc69df28ae{\nbackground-repeat:no-repeat;\nbackground-image:url(https:\/\/www.arf-formation.fr\/arf2\/wp-content\/uploads\/2023\/02\/Amiante-2.jpg);\nbackground-position:50% 50%;\nbackground-attachment:scroll;\nmargin-top:0;\nmargin-bottom:0;\n}\n.avia-section.av-h36r2-3cec5af5a3348977479b08cc69df28ae .av-section-color-overlay{\nopacity:0.6;\nbackground-color:#000000;\n}\n<\/style>\n<div id='av_section_1'  class='avia-section av-h36r2-3cec5af5a3348977479b08cc69df28ae main_color avia-section-default avia-no-border-styling  avia-builder-el-0  el_before_av_section  avia-builder-el-first  avia-bg-style-scroll av-section-color-overlay-active av-minimum-height av-minimum-height-custom av-height-custom  container_wrap sidebar_right'  data-section-bg-repeat='no-repeat' data-av_minimum_height_px='350'><div class=\"av-section-color-overlay-wrap\"><div class=\"av-section-color-overlay\"><\/div><div class='container av-section-cont-open' style='height:350px'><main  role=\"main\" itemprop=\"mainContentOfPage\"  class='template-page content  av-content-small alpha units'><div class='post-entry post-entry-type-page post-entry-190'><div class='entry-content-wrapper clearfix'>\n\n<style type=\"text\/css\" data-created_by=\"avia_inline_auto\" id=\"style-css-av-ldz5e4w9-f38ec4276f08553aea4a53c01e02a4e4\">\n#top .av-special-heading.av-ldz5e4w9-f38ec4276f08553aea4a53c01e02a4e4{\npadding-bottom:10px;\ncolor:#fff087;\n}\nbody .av-special-heading.av-ldz5e4w9-f38ec4276f08553aea4a53c01e02a4e4 .av-special-heading-tag .heading-char{\nfont-size:25px;\n}\n#top #wrap_all .av-special-heading.av-ldz5e4w9-f38ec4276f08553aea4a53c01e02a4e4 .av-special-heading-tag{\npadding:2rem 0 0 0;\n}\n.av-special-heading.av-ldz5e4w9-f38ec4276f08553aea4a53c01e02a4e4 .special-heading-inner-border{\nborder-color:rgba(0,0,0,0.01);\n}\n.av-special-heading.av-ldz5e4w9-f38ec4276f08553aea4a53c01e02a4e4 .av-subheading{\nfont-size:15px;\ncolor:#ffffff;\n}\nbody .av-special-heading.av-ldz5e4w9-f38ec4276f08553aea4a53c01e02a4e4 .av-special-heading-tag .heading-wrap:before{\nborder-color:rgba(0,0,0,0.01);\n}\nbody .av-special-heading.av-ldz5e4w9-f38ec4276f08553aea4a53c01e02a4e4 .av-special-heading-tag .heading-wrap:after{\nborder-color:rgba(0,0,0,0.01);\n}\n<\/style>\n<div  class='av-special-heading av-ldz5e4w9-f38ec4276f08553aea4a53c01e02a4e4 av-special-heading-h1 custom-color-heading blockquote elegant-quote elegant-centered  avia-builder-el-1  avia-builder-el-no-sibling '><h1 class='av-special-heading-tag '  itemprop=\"headline\"  ><span class=\"heading-wrap\">Pr\u00e9vention des risques amiante \/ Sous-Section 4 (SS4)<\/span><\/h1><div class='av_custom_color av-subheading av-subheading_below'><p>Selon <a href=\"https:\/\/www.legifrance.gouv.fr\/loda\/id\/JORFTEXT000025446128\/?isSuggest=true\" target=\"_blank\" title=\"Lire le texte\" rel=\"noopener\">l&rsquo;arr\u00eat\u00e9 du 23 f\u00e9vrier 2012<\/a>.<\/p>\n<\/div><div class=\"special-heading-border\"><div class=\"special-heading-inner-border\"><\/div><\/div><\/div>\n\n<\/div><\/div><\/main><!-- close content main element --><\/div><\/div><\/div><div id='av_section_2'  class='avia-section av-hoj9q-058710c04bf30d1d6d9620b038af9e41 main_color avia-section-default avia-no-border-styling  avia-builder-el-2  el_after_av_section  el_before_av_blog  avia-bg-style-scroll container_wrap sidebar_right'  ><div class='container av-section-cont-open' ><div class='template-page content  av-content-small alpha units'><div class='post-entry post-entry-type-page post-entry-190'><div class='entry-content-wrapper clearfix'>\n<section  class='av_textblock_section av-9tf52-d36ab4e57135ca752d16e7abfc5486e0 '   itemscope=\"itemscope\" itemtype=\"https:\/\/schema.org\/CreativeWork\" ><div class='av-desktop-hide av-medium-hide av-small-hide av-mini-hide avia_textblock'  itemprop=\"text\" ><p>Cliquer ici pour ajouter votre propre texte<\/p>\n<\/div><\/section>\n<\/div><\/div><\/div><!-- close content main div --><\/div><\/div><div id='after_section_2'  class='main_color av_default_container_wrap container_wrap sidebar_right'  ><div class='container av-section-cont-open' ><div class='template-page content  av-content-small alpha units'><div class='post-entry post-entry-type-page post-entry-190'><div class='entry-content-wrapper clearfix'><div  data-slideshow-options=\"{&quot;animation&quot;:&quot;fade&quot;,&quot;autoplay&quot;:false,&quot;loop_autoplay&quot;:&quot;once&quot;,&quot;interval&quot;:5,&quot;loop_manual&quot;:&quot;manual-endless&quot;,&quot;autoplay_stopper&quot;:false,&quot;noNavigation&quot;:false,&quot;show_slide_delay&quot;:90}\" class='avia-content-slider avia-content-grid-active avia-content-slider1 avia-content-slider-odd  avia-builder-el-4  el_after_av_section  avia-builder-el-no-sibling  av-slideshow-ui av-control-default   av-no-slider-navigation av-slideshow-manual av-loop-once av-loop-manual-endless '  itemscope=\"itemscope\" itemtype=\"https:\/\/schema.org\/Blog\" ><div class=\"avia-content-slider-inner\"><div class=\"slide-entry-wrap\"><article class='slide-entry flex_column  post-entry post-entry-1680 slide-entry-overview slide-loop-1 slide-parity-odd  av_one_third first real-thumbnail posttype-post post-format-standard'  itemscope=\"itemscope\" itemtype=\"https:\/\/schema.org\/CreativeWork\" ><a href='https:\/\/www.arf-formation.fr\/arf2\/prevention-des-risques-amiante-operateur-ss4\/' data-rel='slide-1' class='slide-image' title='Pr\u00e9vention des risques d\u2019exposition \u00e0 l\u2019amiante pour les personnels op\u00e9rateur de chantier (interventions de sous-section 4)'><img decoding=\"async\" loading=\"lazy\" width=\"495\" height=\"400\" src=\"https:\/\/www.arf-formation.fr\/arf2\/wp-content\/uploads\/2023\/02\/fibres_d_amiante_wikimedia-495x400.jpg\" class=\"wp-image-737 avia-img-lazy-loading-737 attachment-portfolio size-portfolio wp-post-image\" alt=\"fibres d&#039;amiante\" srcset=\"https:\/\/www.arf-formation.fr\/arf2\/wp-content\/uploads\/2023\/02\/fibres_d_amiante_wikimedia-495x400.jpg 495w, https:\/\/www.arf-formation.fr\/arf2\/wp-content\/uploads\/2023\/02\/fibres_d_amiante_wikimedia-845x684.jpg 845w\" sizes=\"auto, (max-width: 495px) 100vw, 495px\" \/><\/a><div class=\"slide-content\"><header class=\"entry-content-header\" aria-label=\"Slide: Pr\u00e9vention des risques d\u2019exposition \u00e0 l\u2019amiante pour les personnels op\u00e9rateur de chantier (interventions de sous-section 4)\"><h3 class='slide-entry-title entry-title '  itemprop=\"headline\" ><a href='https:\/\/www.arf-formation.fr\/arf2\/prevention-des-risques-amiante-operateur-ss4\/' title='Pr\u00e9vention des risques d\u2019exposition \u00e0 l\u2019amiante pour les personnels op\u00e9rateur de chantier (interventions de sous-section 4)'>Pr\u00e9vention des risques d\u2019exposition \u00e0 l\u2019amiante pour les personnels op\u00e9rateur de chantier (interventions de sous-section 4)<\/a><\/h3><span class=\"av-vertical-delimiter\"><\/span><\/header><\/div><footer class=\"entry-footer\"><\/footer><span class='hidden'>\n\t\t\t\t<span class='av-structured-data'  itemprop=\"image\" itemscope=\"itemscope\" itemtype=\"https:\/\/schema.org\/ImageObject\" >\n\t\t\t\t\t\t<span itemprop='url'>https:\/\/www.arf-formation.fr\/arf2\/wp-content\/uploads\/2023\/02\/fibres_d_amiante_wikimedia.jpg<\/span>\n\t\t\t\t\t\t<span itemprop='height'>1276<\/span>\n\t\t\t\t\t\t<span itemprop='width'>1558<\/span>\n\t\t\t\t<\/span>\n\t\t\t\t<span class='av-structured-data'  itemprop=\"publisher\" itemtype=\"https:\/\/schema.org\/Organization\" itemscope=\"itemscope\" >\n\t\t\t\t\t\t<span itemprop='name'>Laetitia ARF<\/span>\n\t\t\t\t\t\t<span itemprop='logo' itemscope itemtype='https:\/\/schema.org\/ImageObject'>\n\t\t\t\t\t\t\t<span itemprop='url'>https:\/\/www.arf-formation.fr\/arf2\/wp-content\/uploads\/2023\/01\/arf-logo-2022-k.png<\/span>\n\t\t\t\t\t\t<\/span>\n\t\t\t\t<\/span><span class='av-structured-data'  itemprop=\"author\" itemscope=\"itemscope\" itemtype=\"https:\/\/schema.org\/Person\" ><span itemprop='name'>Laetitia ARF<\/span><\/span><span class='av-structured-data'  itemprop=\"datePublished\" datetime=\"2016-06-20T12:56:43+02:00\" >2024-01-23 15:18:36<\/span><span class='av-structured-data'  itemprop=\"dateModified\" itemtype=\"https:\/\/schema.org\/dateModified\" >2025-11-13 15:41:46<\/span><span class='av-structured-data'  itemprop=\"mainEntityOfPage\" itemtype=\"https:\/\/schema.org\/mainEntityOfPage\" ><span itemprop='name'>Pr\u00e9vention des risques d\u2019exposition \u00e0 l\u2019amiante pour les personnels op\u00e9rateur de chantier (interventions de sous-section 4)<\/span><\/span><\/span><\/article><article class='slide-entry flex_column  post-entry post-entry-1661 slide-entry-overview slide-loop-2 slide-parity-even  post-entry-last  av_one_third  real-thumbnail posttype-post post-format-standard'  itemscope=\"itemscope\" itemtype=\"https:\/\/schema.org\/CreativeWork\" ><a href='https:\/\/www.arf-formation.fr\/arf2\/prevention-des-risques-amiante-encadrant-ss4\/' data-rel='slide-1' class='slide-image' title='Pr\u00e9vention des risques li\u00e9s \u00e0 l\u2019amiante pour les personnels cumulant des fonctions d\u2019encadrement technique \/ou d\u2019encadrement de chantier et\/ou d\u2019op\u00e9rateur \u2013 intervention sous-section 4'><img decoding=\"async\" loading=\"lazy\" width=\"495\" height=\"400\" src=\"https:\/\/www.arf-formation.fr\/arf2\/wp-content\/uploads\/2023\/02\/fibres_d_amiante_wikimedia-495x400.jpg\" class=\"wp-image-737 avia-img-lazy-loading-737 attachment-portfolio size-portfolio wp-post-image\" alt=\"fibres d&#039;amiante\" srcset=\"https:\/\/www.arf-formation.fr\/arf2\/wp-content\/uploads\/2023\/02\/fibres_d_amiante_wikimedia-495x400.jpg 495w, https:\/\/www.arf-formation.fr\/arf2\/wp-content\/uploads\/2023\/02\/fibres_d_amiante_wikimedia-845x684.jpg 845w\" sizes=\"auto, (max-width: 495px) 100vw, 495px\" \/><\/a><div class=\"slide-content\"><header class=\"entry-content-header\" aria-label=\"Slide: Pr\u00e9vention des risques li\u00e9s \u00e0 l\u2019amiante pour les personnels cumulant des fonctions d\u2019encadrement technique \/ou d\u2019encadrement de chantier et\/ou d\u2019op\u00e9rateur \u2013 intervention sous-section 4\"><h3 class='slide-entry-title entry-title '  itemprop=\"headline\" ><a href='https:\/\/www.arf-formation.fr\/arf2\/prevention-des-risques-amiante-encadrant-ss4\/' title='Pr\u00e9vention des risques li\u00e9s \u00e0 l\u2019amiante pour les personnels cumulant des fonctions d\u2019encadrement technique \/ou d\u2019encadrement de chantier et\/ou d\u2019op\u00e9rateur \u2013 intervention sous-section 4'>Pr\u00e9vention des risques li\u00e9s \u00e0 l\u2019amiante pour les personnels cumulant des fonctions d\u2019encadrement technique \/ou d\u2019encadrement de chantier et\/ou d\u2019op\u00e9rateur \u2013 intervention sous-section 4<\/a><\/h3><span class=\"av-vertical-delimiter\"><\/span><\/header><\/div><footer class=\"entry-footer\"><\/footer><span class='hidden'>\n\t\t\t\t<span class='av-structured-data'  itemprop=\"image\" itemscope=\"itemscope\" itemtype=\"https:\/\/schema.org\/ImageObject\" >\n\t\t\t\t\t\t<span itemprop='url'>https:\/\/www.arf-formation.fr\/arf2\/wp-content\/uploads\/2023\/02\/fibres_d_amiante_wikimedia.jpg<\/span>\n\t\t\t\t\t\t<span itemprop='height'>1276<\/span>\n\t\t\t\t\t\t<span itemprop='width'>1558<\/span>\n\t\t\t\t<\/span>\n\t\t\t\t<span class='av-structured-data'  itemprop=\"publisher\" itemtype=\"https:\/\/schema.org\/Organization\" itemscope=\"itemscope\" >\n\t\t\t\t\t\t<span itemprop='name'>Laetitia ARF<\/span>\n\t\t\t\t\t\t<span itemprop='logo' itemscope itemtype='https:\/\/schema.org\/ImageObject'>\n\t\t\t\t\t\t\t<span itemprop='url'>https:\/\/www.arf-formation.fr\/arf2\/wp-content\/uploads\/2023\/01\/arf-logo-2022-k.png<\/span>\n\t\t\t\t\t\t<\/span>\n\t\t\t\t<\/span><span class='av-structured-data'  itemprop=\"author\" itemscope=\"itemscope\" itemtype=\"https:\/\/schema.org\/Person\" ><span itemprop='name'>Laetitia ARF<\/span><\/span><span class='av-structured-data'  itemprop=\"datePublished\" datetime=\"2016-06-20T12:56:43+02:00\" >2024-01-23 15:18:30<\/span><span class='av-structured-data'  itemprop=\"dateModified\" itemtype=\"https:\/\/schema.org\/dateModified\" >2025-11-13 16:17:44<\/span><span class='av-structured-data'  itemprop=\"mainEntityOfPage\" itemtype=\"https:\/\/schema.org\/mainEntityOfPage\" ><span itemprop='name'>Pr\u00e9vention des risques li\u00e9s \u00e0 l\u2019amiante pour les personnels cumulant des fonctions d\u2019encadrement technique \/ou d\u2019encadrement de chantier et\/ou d\u2019op\u00e9rateur \u2013 intervention sous-section 4<\/span><\/span><\/span><\/article><\/div><\/div><\/div><\/p>\n","protected":false},"excerpt":{"rendered":"","protected":false},"author":1,"featured_media":737,"parent":0,"menu_order":8,"comment_status":"closed","ping_status":"closed","template":"","meta":{"footnotes":""},"class_list":["post-190","page","type-page","status-publish","has-post-thumbnail","hentry"],"_links":{"self":[{"href":"https:\/\/www.arf-formation.fr\/arf2\/wp-json\/wp\/v2\/pages\/190","targetHints":{"allow":["GET"]}}],"collection":[{"href":"https:\/\/www.arf-formation.fr\/arf2\/wp-json\/wp\/v2\/pages"}],"about":[{"href":"https:\/\/www.arf-formation.fr\/arf2\/wp-json\/wp\/v2\/types\/page"}],"author":[{"embeddable":true,"href":"https:\/\/www.arf-formation.fr\/arf2\/wp-json\/wp\/v2\/users\/1"}],"replies":[{"embeddable":true,"href":"https:\/\/www.arf-formation.fr\/arf2\/wp-json\/wp\/v2\/comments?post=190"}],"version-history":[{"count":0,"href":"https:\/\/www.arf-formation.fr\/arf2\/wp-json\/wp\/v2\/pages\/190\/revisions"}],"wp:featuredmedia":[{"embeddable":true,"href":"https:\/\/www.arf-formation.fr\/arf2\/wp-json\/wp\/v2\/media\/737"}],"wp:attachment":[{"href":"https:\/\/www.arf-formation.fr\/arf2\/wp-json\/wp\/v2\/media?parent=190"}],"curies":[{"name":"wp","href":"https:\/\/api.w.org\/{rel}","templated":true}]}}