{"id":2423,"date":"2026-03-20T15:08:44","date_gmt":"2026-03-20T14:08:44","guid":{"rendered":"https:\/\/www.arf-formation.fr\/arf2\/?page_id=2423"},"modified":"2026-03-20T15:08:44","modified_gmt":"2026-03-20T14:08:44","slug":"planning","status":"publish","type":"page","link":"https:\/\/www.arf-formation.fr\/arf2\/planning\/","title":{"rendered":"Planning"},"content":{"rendered":"<div id=\"clzd-calendar\">\r\n\t<div class=\"clzd-header\">\r\n\t\t\t<button class=\"clzd-backwards\" title=\"Voir les 3 mois pr\u00e9c\u00e9dents\"><img decoding=\"async\" src=\"https:\/\/www.arf-formation.fr\/arf2\/wp-content\/plugins\/calendrized\/assets\/img\/clzd-jump-backwards.svg\" width=\"24px\" alt=\"Mois pr\u00e9c\u00e9dents\" \/><\/button>\r\n\r\n\t<button class=\"clzd-prev\"><img decoding=\"async\" src=\"https:\/\/www.arf-formation.fr\/arf2\/wp-content\/plugins\/calendrized\/assets\/img\/clzd-to-past.svg\" width=\"16px\" alt=\"Pr\u00e9c\u00e9dent\" \/><\/button>\r\n\r\n\t<div class=\"clzd-filters\">\r\n\t\t<a href=\"#\" class=\"clzd-today clzd-filter-btn\" aria-label=\"Voir aujourd'hui\">\r\n\t\t\t<img decoding=\"async\" src=\"https:\/\/www.arf-formation.fr\/arf2\/wp-content\/plugins\/calendrized\/assets\/img\/clzd-calendar-today.svg\" width=\"24px\" alt=\"Aujourd'hui\" \/>\r\n\t\t\t<span class=\"clzd-filter-label\">Aujourd'hui<\/span>\r\n\t\t<\/a>\r\n\r\n\t\t<span class=\"clzd-filter-title\">Filtrer<\/span>\r\n\t\t<a href=\"#\" class=\"clzd-filter-btn clzd-filter-categ\" aria-label=\"Filtrer par cat\u00e9gories\">\r\n\t\t\t<img decoding=\"async\" src=\"https:\/\/www.arf-formation.fr\/arf2\/wp-content\/plugins\/calendrized\/assets\/img\/clzd-categ-filter.svg\" width=\"24px\" alt=\"Categories filter\" \/>\r\n\t\t\t<span class=\"clzd-filter-label\">Cat\u00e9gories<\/span>\r\n\t\t<\/a>\r\n\r\n\t\t<div class=\"clzd-results-notice\"><\/div>\r\n\r\n\t<\/div>\r\n\r\n\t<button class=\"clzd-next\"><img decoding=\"async\" src=\"https:\/\/www.arf-formation.fr\/arf2\/wp-content\/plugins\/calendrized\/assets\/img\/clzd-to-next.svg\" width=\"16px\" alt=\"Suivant\" \/><\/button>\r\n\r\n\t<button class=\"clzd-forwards\" title=\"Voir les 3 mois suivants\"><img decoding=\"async\" src=\"https:\/\/www.arf-formation.fr\/arf2\/wp-content\/plugins\/calendrized\/assets\/img\/clzd-jump-forwards.svg\" width=\"24px\" alt=\"Mois suivants\" \/><\/button>\r\n\t<\/div>\r\n\t<!-- End .clzd-header -->\r\n\t\r\n\t<div class=\"clzd-grid\"><\/div>\r\n\t\r\n\t<div class=\"clzd-footer\">\r\n\t\t\t<button class=\"clzd-backwards\" title=\"Voir les 3 mois pr\u00e9c\u00e9dents\"><img decoding=\"async\" src=\"https:\/\/www.arf-formation.fr\/arf2\/wp-content\/plugins\/calendrized\/assets\/img\/clzd-jump-backwards.svg\" width=\"24px\" alt=\"Mois pr\u00e9c\u00e9dents\" \/><\/button>\r\n\r\n\t<button class=\"clzd-prev\"><img decoding=\"async\" src=\"https:\/\/www.arf-formation.fr\/arf2\/wp-content\/plugins\/calendrized\/assets\/img\/clzd-to-past.svg\" width=\"16px\" alt=\"Pr\u00e9c\u00e9dent\" \/><\/button>\r\n\r\n\t<div class=\"clzd-filters\">\r\n\t\t<a href=\"#\" class=\"clzd-today clzd-filter-btn\" aria-label=\"Voir aujourd'hui\">\r\n\t\t\t<img decoding=\"async\" src=\"https:\/\/www.arf-formation.fr\/arf2\/wp-content\/plugins\/calendrized\/assets\/img\/clzd-calendar-today.svg\" width=\"24px\" alt=\"Aujourd'hui\" \/>\r\n\t\t\t<span class=\"clzd-filter-label\">Aujourd'hui<\/span>\r\n\t\t<\/a>\r\n\r\n\t\t<span class=\"clzd-filter-title\">Filtrer<\/span>\r\n\t\t<a href=\"#\" class=\"clzd-filter-btn clzd-filter-categ\" aria-label=\"Filtrer par cat\u00e9gories\">\r\n\t\t\t<img decoding=\"async\" src=\"https:\/\/www.arf-formation.fr\/arf2\/wp-content\/plugins\/calendrized\/assets\/img\/clzd-categ-filter.svg\" width=\"24px\" alt=\"Categories filter\" \/>\r\n\t\t\t<span class=\"clzd-filter-label\">Cat\u00e9gories<\/span>\r\n\t\t<\/a>\r\n\r\n\t\t<div class=\"clzd-results-notice\"><\/div>\r\n\r\n\t<\/div>\r\n\r\n\t<button class=\"clzd-next\"><img decoding=\"async\" src=\"https:\/\/www.arf-formation.fr\/arf2\/wp-content\/plugins\/calendrized\/assets\/img\/clzd-to-next.svg\" width=\"16px\" alt=\"Suivant\" \/><\/button>\r\n\r\n\t<button class=\"clzd-forwards\" title=\"Voir les 3 mois suivants\"><img decoding=\"async\" src=\"https:\/\/www.arf-formation.fr\/arf2\/wp-content\/plugins\/calendrized\/assets\/img\/clzd-jump-forwards.svg\" width=\"24px\" alt=\"Mois suivants\" \/><\/button>\r\n\t<\/div>\r\n\t\r\n\t<div class=\"clzd-filterbox\" aria-hidden=\"true\">\r\n\t<div class=\"clzd-filterbox-inner\">\r\n\r\n\t\t<div class=\"clzd-filterbox-header\">\r\n\t\t\t<h3>Filtrer par cat\u00e9gories<\/h3>\r\n\t\t\t<a href=\"#\" class=\"clzd-filterbox-close\" aria-label=\"Fermer\">\u2715<\/a>\r\n\t\t<\/div>\r\n\r\n\t\t<div class=\"clzd-filterbox-content\">\r\n\t\t\t\t\t\t\t\t<label class=\"clzd-filter-item\">\r\n\t\t\t\t\t\t<input type=\"checkbox\" class=\"clzd-filter-categ-checkbox\" value=\"31\">\r\n\t\t\t\t\t\t<span>A.I.P.R<\/span>\r\n\t\t\t\t\t<\/label>\r\n\t\t\t\t\t\t\t\t<label class=\"clzd-filter-item\">\r\n\t\t\t\t\t\t<input type=\"checkbox\" class=\"clzd-filter-categ-checkbox\" value=\"32\">\r\n\t\t\t\t\t\t<span>Amiante<\/span>\r\n\t\t\t\t\t<\/label>\r\n\t\t\t\t\t\t\t\t<label class=\"clzd-filter-item\">\r\n\t\t\t\t\t\t<input type=\"checkbox\" class=\"clzd-filter-categ-checkbox\" value=\"33\">\r\n\t\t\t\t\t\t<span>Habilitation \u00e9lectrique<\/span>\r\n\t\t\t\t\t<\/label>\r\n\t\t\t\t\t\t\t\t<label class=\"clzd-filter-item\">\r\n\t\t\t\t\t\t<input type=\"checkbox\" class=\"clzd-filter-categ-checkbox\" value=\"41\">\r\n\t\t\t\t\t\t<span>R\u00e9f\u00e9rent Harc\u00e8lement<\/span>\r\n\t\t\t\t\t<\/label>\r\n\t\t\t\t\t\t\t\t<label class=\"clzd-filter-item\">\r\n\t\t\t\t\t\t<input type=\"checkbox\" class=\"clzd-filter-categ-checkbox\" value=\"30\">\r\n\t\t\t\t\t\t<span>Sans cat\u00e9gorie<\/span>\r\n\t\t\t\t\t<\/label>\r\n\t\t\t\t\t\t\t\t<label class=\"clzd-filter-item\">\r\n\t\t\t\t\t\t<input type=\"checkbox\" class=\"clzd-filter-categ-checkbox\" value=\"34\">\r\n\t\t\t\t\t\t<span>SST - MACSST<\/span>\r\n\t\t\t\t\t<\/label>\r\n\t\t\t\t\t\t\t\t<label class=\"clzd-filter-item\">\r\n\t\t\t\t\t\t<input type=\"checkbox\" class=\"clzd-filter-categ-checkbox\" value=\"35\">\r\n\t\t\t\t\t\t<span>Travail en hauteur<\/span>\r\n\t\t\t\t\t<\/label>\r\n\t\t\t\t\t<\/div>\r\n\r\n\t\t<div class=\"clzd-filterbox-footer\">\r\n\t\t\t<a href=\"#\" class=\"clzd-apply-categ-filter\">&#10003; Appliquer<\/a>\r\n\t\t\t<a href=\"#\" class=\"clzd-filter-categ-reset\">&#10226; R\u00e9tablir<\/a>\r\n\t\t<\/div>\r\n\r\n\t<\/div>\r\n<\/div>\r\n\t<!-- Event details modal  -->\r\n\t<div id=\"clzd-modal\" style=\"display:none;\">\r\n\t\t<div class=\"clzd-modal-content\"><\/div>\r\n\t<\/div>\r\n\r\n<\/div>\n","protected":false},"excerpt":{"rendered":"","protected":false},"author":1,"featured_media":0,"parent":0,"menu_order":0,"comment_status":"closed","ping_status":"closed","template":"","meta":{"footnotes":""},"class_list":["post-2423","page","type-page","status-publish","hentry"],"_links":{"self":[{"href":"https:\/\/www.arf-formation.fr\/arf2\/wp-json\/wp\/v2\/pages\/2423","targetHints":{"allow":["GET"]}}],"collection":[{"href":"https:\/\/www.arf-formation.fr\/arf2\/wp-json\/wp\/v2\/pages"}],"about":[{"href":"https:\/\/www.arf-formation.fr\/arf2\/wp-json\/wp\/v2\/types\/page"}],"author":[{"embeddable":true,"href":"https:\/\/www.arf-formation.fr\/arf2\/wp-json\/wp\/v2\/users\/1"}],"replies":[{"embeddable":true,"href":"https:\/\/www.arf-formation.fr\/arf2\/wp-json\/wp\/v2\/comments?post=2423"}],"version-history":[{"count":2,"href":"https:\/\/www.arf-formation.fr\/arf2\/wp-json\/wp\/v2\/pages\/2423\/revisions"}],"predecessor-version":[{"id":2425,"href":"https:\/\/www.arf-formation.fr\/arf2\/wp-json\/wp\/v2\/pages\/2423\/revisions\/2425"}],"wp:attachment":[{"href":"https:\/\/www.arf-formation.fr\/arf2\/wp-json\/wp\/v2\/media?parent=2423"}],"curies":[{"name":"wp","href":"https:\/\/api.w.org\/{rel}","templated":true}]}}