{"id":38,"date":"2014-06-10T16:25:29","date_gmt":"2014-06-10T15:25:29","guid":{"rendered":"http:\/\/www.ajf-formation.fr\/ajf\/?page_id=38"},"modified":"2023-04-03T19:38:37","modified_gmt":"2023-04-03T17:38:37","slug":"veille-reglementaire","status":"publish","type":"page","link":"https:\/\/www.arf-formation.fr\/arf2\/veille-reglementaire\/","title":{"rendered":"Veille r\u00e9glementaire"},"content":{"rendered":"\n<style type=\"text\/css\" data-created_by=\"avia_inline_auto\" id=\"style-css-av-lg13wm5i-3fa6188a023c6025b7c26dd6fe6c3a39\">\n.avia-section.av-lg13wm5i-3fa6188a023c6025b7c26dd6fe6c3a39{\nbackground-repeat:no-repeat;\nbackground-image:url(https:\/\/www.arf-formation.fr\/arf2\/wp-content\/uploads\/2023\/04\/Parite-Hommes-Femmes.jpg);\nbackground-position:50% 50%;\nbackground-attachment:scroll;\nmargin-top:0;\nmargin-bottom:0;\n}\n.avia-section.av-lg13wm5i-3fa6188a023c6025b7c26dd6fe6c3a39 .av-section-color-overlay{\nopacity:0.6;\nbackground-color:#000000;\n}\n<\/style>\n<div id='av_section_1'  class='avia-section av-lg13wm5i-3fa6188a023c6025b7c26dd6fe6c3a39 main_color avia-section-default avia-no-border-styling  avia-builder-el-0  el_before_av_section  avia-builder-el-first  avia-bg-style-scroll av-section-color-overlay-active av-minimum-height av-minimum-height-custom av-height-custom  container_wrap sidebar_right'  data-section-bg-repeat='no-repeat' data-av_minimum_height_px='350'><div class=\"av-section-color-overlay-wrap\"><div class=\"av-section-color-overlay\"><\/div><div class='container av-section-cont-open' style='height:350px'><main  role=\"main\" itemprop=\"mainContentOfPage\"  class='template-page content  av-content-small alpha units'><div class='post-entry post-entry-type-page post-entry-38'><div class='entry-content-wrapper clearfix'>\n\n<style type=\"text\/css\" data-created_by=\"avia_inline_auto\" id=\"style-css-av-lg13rm4x-a2b30bbbd4b02b13b01d4305fe773b10\">\n#top .av-special-heading.av-lg13rm4x-a2b30bbbd4b02b13b01d4305fe773b10{\npadding-bottom:10px;\ncolor:#fff087;\n}\nbody .av-special-heading.av-lg13rm4x-a2b30bbbd4b02b13b01d4305fe773b10 .av-special-heading-tag .heading-char{\nfont-size:25px;\n}\n#top #wrap_all .av-special-heading.av-lg13rm4x-a2b30bbbd4b02b13b01d4305fe773b10 .av-special-heading-tag{\npadding:2rem 0 0 0;\n}\n.av-special-heading.av-lg13rm4x-a2b30bbbd4b02b13b01d4305fe773b10 .special-heading-inner-border{\nborder-color:rgba(0,0,0,0.01);\n}\n.av-special-heading.av-lg13rm4x-a2b30bbbd4b02b13b01d4305fe773b10 .av-subheading{\nfont-size:15px;\ncolor:#ffffff;\n}\nbody .av-special-heading.av-lg13rm4x-a2b30bbbd4b02b13b01d4305fe773b10 .av-special-heading-tag .heading-wrap:before{\nborder-color:rgba(0,0,0,0.01);\n}\nbody .av-special-heading.av-lg13rm4x-a2b30bbbd4b02b13b01d4305fe773b10 .av-special-heading-tag .heading-wrap:after{\nborder-color:rgba(0,0,0,0.01);\n}\n<\/style>\n<div  class='av-special-heading av-lg13rm4x-a2b30bbbd4b02b13b01d4305fe773b10 av-special-heading-h1 custom-color-heading blockquote elegant-quote elegant-centered  avia-builder-el-1  avia-builder-el-no-sibling '><h1 class='av-special-heading-tag '  itemprop=\"headline\"  ><span class=\"heading-wrap\">Veille r\u00e9glementaire<\/span><\/h1><div class=\"special-heading-border\"><div class=\"special-heading-inner-border\"><\/div><\/div><\/div>\n<\/div><\/div><\/main><!-- close content main element --><\/div><\/div><\/div>\n<style type=\"text\/css\" data-created_by=\"avia_inline_auto\" id=\"style-css-av-lg13trrq-33c15f20b85781b6769363905fa43cd0\">\n.avia-section.av-lg13trrq-33c15f20b85781b6769363905fa43cd0{\nmargin-top:0px;\nmargin-bottom:0px;\n}\n<\/style>\n<div id='av_section_2'  class='avia-section av-lg13trrq-33c15f20b85781b6769363905fa43cd0 footer_color avia-section-small avia-no-border-styling  avia-builder-el-2  el_after_av_section  el_before_av_blog  avia-bg-style-scroll container_wrap sidebar_right'  ><div class='container av-section-cont-open' ><div class='template-page content  av-content-small alpha units'><div class='post-entry post-entry-type-page post-entry-38'><div class='entry-content-wrapper clearfix'>\n\n<style type=\"text\/css\" data-created_by=\"avia_inline_auto\" id=\"style-css-av-lg13tbfw-4dc160c0d30c6d23689c17369049275f\">\n#top .av_textblock_section.av-lg13tbfw-4dc160c0d30c6d23689c17369049275f .avia_textblock{\nfont-size:1.25rem;\ncolumn-count:4;\ncolumn-gap:2%;\n}\n\n@media only screen and (max-width: 479px){ \n#top .av_textblock_section.av-lg13tbfw-4dc160c0d30c6d23689c17369049275f .avia_textblock{\ncolumn-count:1;\n}\n.av_textblock_section.av-lg13tbfw-4dc160c0d30c6d23689c17369049275f .avia_textblock.av_multi_colums > p:first-child{\nmargin-top:0.85em;\n}\n}\n<\/style>\n<section  class='av_textblock_section av-lg13tbfw-4dc160c0d30c6d23689c17369049275f '   itemscope=\"itemscope\" itemtype=\"https:\/\/schema.org\/CreativeWork\" ><div class='avia_textblock flex-evenly av_multi_colums'  itemprop=\"text\" ><p>\u2714 Les instances repr\u00e9sentatives du personnel<br \/>\n\u2714 Conduire et mettre en place la GPEC<br \/>\n\u2714 Exercice du pouvoir disciplinaire<br \/>\n\u2714 La faute inexcusable de l&#8217;employeur<br \/>\n\u2714 Conclure et modifier un contrat<\/p>\n<p>\u2714 Les bases du droit du travail<br \/>\n\u2714 Mettre en place une d\u00e9l\u00e9gation de pouvoir<br \/>\n\u2714 Franchir le seuil de 50 salari\u00e9s<br \/>\n\u2714 G\u00e9rer ses contrats de travail<br \/>\n\u2714 Le contrat de g\u00e9n\u00e9ration<\/p>\n<p>\u2714 L&rsquo;obligation d&#8217;emploi des handicap\u00e9s<br \/>\n\u2714 Pr\u00e9venir le stress au travail<br \/>\n\u2714 Mettre en place son r\u00e8glement int\u00e9rieur<br \/>\n\u2714 Responsabilit\u00e9s du chef d&rsquo;entreprise<br \/>\n\u2714 Sant\u00e9 et s\u00e9curit\u00e9 au travail<\/p>\n<p>\u2714 S\u00e9curiser la rupture du contrat de travail<br \/>\n\u2714 La parit\u00e9 homme\/femme au travail<br \/>\n\u2714 Anticiper un litige prud&rsquo;homal<br \/>\n\u2714 Mener un entretien annuel d&rsquo;\u00e9valuation<br \/>\n\u2714 Veille r\u00e9glementaire et jurisprudentielle<\/p>\n<\/div><\/section>\n<\/div><\/div><\/div><!-- close content main div --><\/div><\/div><div id='after_section_2'  class='main_color av_default_container_wrap container_wrap sidebar_right'  ><div class='container av-section-cont-open' ><div class='template-page content  av-content-small alpha units'><div class='post-entry post-entry-type-page post-entry-38'><div class='entry-content-wrapper clearfix'><\/p>\n","protected":false},"excerpt":{"rendered":"","protected":false},"author":1,"featured_media":0,"parent":0,"menu_order":15,"comment_status":"closed","ping_status":"open","template":"","meta":{"footnotes":""},"class_list":["post-38","page","type-page","status-publish","hentry"],"_links":{"self":[{"href":"https:\/\/www.arf-formation.fr\/arf2\/wp-json\/wp\/v2\/pages\/38","targetHints":{"allow":["GET"]}}],"collection":[{"href":"https:\/\/www.arf-formation.fr\/arf2\/wp-json\/wp\/v2\/pages"}],"about":[{"href":"https:\/\/www.arf-formation.fr\/arf2\/wp-json\/wp\/v2\/types\/page"}],"author":[{"embeddable":true,"href":"https:\/\/www.arf-formation.fr\/arf2\/wp-json\/wp\/v2\/users\/1"}],"replies":[{"embeddable":true,"href":"https:\/\/www.arf-formation.fr\/arf2\/wp-json\/wp\/v2\/comments?post=38"}],"version-history":[{"count":0,"href":"https:\/\/www.arf-formation.fr\/arf2\/wp-json\/wp\/v2\/pages\/38\/revisions"}],"wp:attachment":[{"href":"https:\/\/www.arf-formation.fr\/arf2\/wp-json\/wp\/v2\/media?parent=38"}],"curies":[{"name":"wp","href":"https:\/\/api.w.org\/{rel}","templated":true}]}}