{"id":44,"date":"2014-06-10T16:52:26","date_gmt":"2014-06-10T15:52:26","guid":{"rendered":"http:\/\/www.ajf-formation.fr\/ajf\/?page_id=44"},"modified":"2024-01-24T01:52:59","modified_gmt":"2024-01-24T00:52:59","slug":"mentions-legales","status":"publish","type":"page","link":"https:\/\/www.arf-formation.fr\/arf2\/mentions-legales\/","title":{"rendered":"Mentions l\u00e9gales"},"content":{"rendered":"\n<h2 class=\"wp-block-heading legal\">Propri\u00e9t\u00e9<\/h2>\n\n\n\n<p>Le pr\u00e9sent site est \u00e9dit\u00e9 par ARF Formation<br>SARL au capital de 3 000 \u20ac, immatricul\u00e9e sous le SIREN num\u00e9ro 821 225 182 RCS Douai,&nbsp; NAF 8559A,<br>dont le si\u00e8ge social est situ\u00e9 5 Bis, route Nationale \u00e0 59265 Aubigny-au-bac &#8211; France.<\/p>\n\n\n\n<p>Directrice de la publication : Mme Caroline Degueldre<\/p>\n\n\n\n<p>T\u00e9l\u00e9phone : +33 09 66 91 04 18<\/p>\n\n\n\n<p>Toute reproduction, totale ou partielle, du contenu, des marques, des photos ou des logos, effectu\u00e9e \u00e0 partir des \u00e9l\u00e9ments du site sans l&rsquo;autorisation expresse est prohib\u00e9e, au sens de l&rsquo;article L.713-2 du Code de la propri\u00e9t\u00e9 intellectuelle.<\/p>\n\n\n\n<h2 class=\"wp-block-heading\">Objet du site<\/h2>\n\n\n\n<p>Ce site a pour vocation d&rsquo;informer le public visiteur sur les services de la soci\u00e9t\u00e9, ses \u00e9v\u00e9nements ou des sujets s&rsquo;y rapportant, sans pour autant \u00eatre exhaustif.<br>Malgr\u00e9 notre veille professionnelle, l&rsquo;\u00e9volution, des normes, de la r\u00e8glementation, ne permet pas toujours de garantir une exactitude imm\u00e9diate des contenus. Nous nous r\u00e9servons le droit de modifier les informations de ce site sans pr\u00e9avis.<\/p>\n\n\n\n<p class=\"legal\">Par cons\u00e9quent, pour toute question et\/ou pr\u00e9cision, n&rsquo;h\u00e9sitez pas \u00e0 <a href=\"https:\/\/www.arf-formation.fr\/arf2\/contact\/\">nous contacter<\/a>. Nous sommes \u00e0 votre disposition.<\/p>\n\n\n\n<h2 class=\"wp-block-heading\">Contenu<\/h2>\n\n\n\n<p>Les informations pr\u00e9sent\u00e9es sont donn\u00e9es \u00e0 titre indicatif et n&rsquo;engagent aucunement la responsabilit\u00e9 de ARF Formation ni celle de M.Zed (Michel Zielinski, concepteur du Site) en cas d&rsquo;erreur ou d&rsquo;indisponibilit\u00e9.<\/p>\n\n\n\n<h3 class=\"wp-block-heading\">Logos &#8211; Photos &#8211; Illustrations &#8211; Sch\u00e9mas &#8211; Pictogrammes et ic\u00f4nes<\/h3>\n\n\n\n<p class=\"legal\">Les logos appartiennent \u00e0 leur(s) cr\u00e9ateur(s), d\u00e9positaire(s) et\/ou ayant-droit(s).<br>Si elles ne sont pas issues des collections internes de ARF Formation, prises ou fournies par ARF Formation, les photos et images d&rsquo;illustration appartiennent \u00e0 leur auteur(s) respectif(s) et sont sous des licences qui autorisent la modification, la r\u00e9utilisation \u00e0 des fins commerciales.<\/p>\n\n\n\n<h3 class=\"wp-block-heading legal\">Sources &amp; Cr\u00e9dits<\/h3>\n\n\n\n<p class=\"legal\"> M-Zed (Michel Zielinski), Pixabay, Adobe Stock, Wikimedia.<br>Certaines photos sont sous licence(s) <a title=\"Licences Creative Commons\" href=\"https:\/\/creativecommons.org\/licenses\/?lang=fr-FR\" target=\"_blank\" rel=\"noopener\">Creative Commons<\/a> ou rel\u00e8vent du domaine public.<br>Sch\u00e9mas et graphiques statistiques cr\u00e9\u00e9s par ARF Formation.<br>Pictogrammes norm\u00e9s : I.N.R.S, autres organismes officiellement r\u00e9glement\u00e9s\/affili\u00e9s\/agr\u00e9\u00e9s.<br>Ic\u00f4nes : Syst\u00e8me Unicode, Entypo<br>Typographie : Ubuntu <a title=\"Ubuntu licence\" href=\"https:\/\/ubuntu.com\/legal\/font-licence\" target=\"_blank\" rel=\"noopener\">(Font Licence)<\/a><\/p>\n\n\n\n<p>ARF Formation logo &amp; Visual com&rsquo; : Michel \u00ab\u00a0M-Zed\u00a0\u00bb Zielinski<\/p>\n\n\n\n<h2 class=\"wp-block-heading\">Donn\u00e9es personnelles<\/h2>\n\n\n\n<p>La soci\u00e9t\u00e9 \u00ab\u00a0ARF Formation\u00a0\u00bb s&rsquo;efforce de mettre tout en \u0153uvre pour prot\u00e9ger les donn\u00e9es \u00e0 caract\u00e8re priv\u00e9 qu&rsquo;elle collecte, afin qu\u2018elles ne soient pas d\u00e9form\u00e9es, endommag\u00e9es ou communiqu\u00e9es \u00e0 des tiers sans autorisation.<br>Cependant, la s\u00e9curit\u00e9 totale sur Internet n&rsquo;existe pas. Nous ne pouvons donc pas nous engager \u00e0 ce que les informations \u00e9chang\u00e9es sur notre site ne soient pas intercept\u00e9es par des tiers.<br>Les informations que vous aurez saisies sur ce site pourront \u00eatre enregistr\u00e9es pour leur traitement exclusif par \u00ab\u00a0ARF Formation\u00a0\u00bb dans le seul but de vous recontacter puisque vous en avez fait le souhait en transmettant votre e-mail.<br>Vous disposez d&rsquo;un droit d&rsquo;acc\u00e8s, de modification, de rectification et de suppression concernant les donn\u00e9es collect\u00e9es sur ce site, dans les conditions pr\u00e9vues par la loi n\u00b078-17 du 6 janvier 1978 (modifi\u00e9e) relative \u00e0 l&rsquo;informatique, aux fichiers et aux libert\u00e9s (CNIL). Pour l&rsquo;exercer, adressez-vous au gestionnaire du site : ARF Formation (voir coordonn\u00e9es plus haut).<\/p>\n\n\n\n<p class=\"legal\">Voir notre page <a href=\"https:\/\/www.arf-formation.fr\/arf2\/politique-de-confidentialite\/\">Politique de confidentialit\u00e9<\/a>.<\/p>\n\n\n\n<h2 class=\"wp-block-heading\">Disponibilit\u00e9<\/h2>\n\n\n\n<p>L&rsquo;utilisateur du pr\u00e9sent site reconna\u00eet disposer de la comp\u00e9tence des moyens n\u00e9cessaires pour acc\u00e9der et utiliser ce site.<\/p>\n\n\n\n<p class=\"legal\">Le site <a href=\"https:\/\/www.arf-formation.fr\" target=\"_blank\" rel=\"noopener\">arf-formation.fr<\/a>&nbsp; se doit de fonctionner 24h\/24.<br>Cependant, nous nous r\u00e9servons le droit d\u2019interrompre nos services \u00e0 tout moment.<br>Notamment pour proc\u00e9der \u00e0 des op\u00e9rations de maintenance, de mises \u00e0 jour &#8230;<br>Les cons\u00e9quences de ces interruptions ne sauraient engager notre responsabilit\u00e9, ni celle de OVH (l&rsquo;h\u00e9bergeur), ni celle de M.Zed (Michel Zielinski), le concepteur.<br>Dans un tel cas, soyez patient(e) et revenez nous visiter ult\u00e9rieurement ou <a href=\"https:\/\/www.arf-formation.fr\/arf2\/contact\/\">contactez-nous.<\/a> Merci.<\/p>\n\n\n\n<h2 class=\"wp-block-heading\">H\u00e9bergement<\/h2>\n\n\n\n<p><strong>OHV<\/strong><br>SAS au capital de 10 174 560 \u20ac<br>RCS Lille M\u00e9tropole 424 761 419 00045<br>Code APE 2620Z<br>N\u00b0 TVA : FR 22 424 761 419<br>Si\u00e8ge social : 2 rue Kellermann &#8211; 59100 Roubaix &#8211; France<\/p>\n\n\n\n<p>Pr\u00e9sident : Michel Paulin<\/p>\n\n\n\n<p>OVH SAS est une filiale de la soci\u00e9t\u00e9 OVH Groupe SA, soci\u00e9t\u00e9 immatricul\u00e9e au RCS de Lille sous le num\u00e9ro 537 407 926 sise 2, rue Kellermann, 59100 Roubaix.<\/p>\n\n\n\n<h2 class=\"wp-block-heading\">Webdesign &#8211; Conception<\/h2>\n\n\n<p><strong>M.Zed<\/strong> (Michel Zielinski) <br> 18, r. Roger Salengro &#8211; 59880 Saint-Saulve <br>\nSIREN : 449 602 648 &#8211;\u00a0 APE\/NAF : 9003A <br>\n<sub>Affili\u00e9 au r\u00e9gime des \u00ab\u00a0Artistes-Auteurs\u00a0\u00bb<\/sub><\/p>\n","protected":false},"excerpt":{"rendered":"<p>Propri\u00e9t\u00e9 Le pr\u00e9sent site est \u00e9dit\u00e9 par ARF FormationSARL au capital de 3 000 \u20ac, immatricul\u00e9e sous le SIREN num\u00e9ro 821 225 182 RCS Douai,&nbsp; NAF 8559A,dont le si\u00e8ge social est situ\u00e9 5 Bis, route Nationale \u00e0 59265 Aubigny-au-bac &#8211; France. Directrice de la publication : Mme Caroline Degueldre T\u00e9l\u00e9phone : +33 09 66 91 [&hellip;]<\/p>\n","protected":false},"author":1,"featured_media":0,"parent":0,"menu_order":4,"comment_status":"closed","ping_status":"open","template":"","meta":{"footnotes":""},"class_list":["post-44","page","type-page","status-publish","hentry"],"_links":{"self":[{"href":"https:\/\/www.arf-formation.fr\/arf2\/wp-json\/wp\/v2\/pages\/44","targetHints":{"allow":["GET"]}}],"collection":[{"href":"https:\/\/www.arf-formation.fr\/arf2\/wp-json\/wp\/v2\/pages"}],"about":[{"href":"https:\/\/www.arf-formation.fr\/arf2\/wp-json\/wp\/v2\/types\/page"}],"author":[{"embeddable":true,"href":"https:\/\/www.arf-formation.fr\/arf2\/wp-json\/wp\/v2\/users\/1"}],"replies":[{"embeddable":true,"href":"https:\/\/www.arf-formation.fr\/arf2\/wp-json\/wp\/v2\/comments?post=44"}],"version-history":[{"count":0,"href":"https:\/\/www.arf-formation.fr\/arf2\/wp-json\/wp\/v2\/pages\/44\/revisions"}],"wp:attachment":[{"href":"https:\/\/www.arf-formation.fr\/arf2\/wp-json\/wp\/v2\/media?parent=44"}],"curies":[{"name":"wp","href":"https:\/\/api.w.org\/{rel}","templated":true}]}}